{"id":41,"date":"2025-04-18T09:33:53","date_gmt":"2025-04-18T09:33:53","guid":{"rendered":"https:\/\/jugend.efkb.de\/?page_id=41"},"modified":"2026-01-26T11:36:08","modified_gmt":"2026-01-26T11:36:08","slug":"homepage","status":"publish","type":"page","link":"https:\/\/jugend.efkb.de\/","title":{"rendered":"Jugend B\u00fcnde"},"content":{"rendered":"\n<div class=\"wp-block-group alignfull\"><div class=\"wp-block-group__inner-container is-layout-constrained wp-block-group-is-layout-constrained\">\n<div class=\"wp-block-group\" style=\"padding-top:var(--wp--preset--spacing--small);padding-bottom:var(--wp--preset--spacing--small)\"><div class=\"wp-block-group__inner-container is-layout-constrained wp-block-group-is-layout-constrained\">\n<div style=\"height:30px\" aria-hidden=\"true\" class=\"wp-block-spacer\"><\/div>\n\n\n\n<div class=\"wp-block-columns is-layout-flex wp-container-core-columns-is-layout-7697068c wp-block-columns-is-layout-flex\">\n<div class=\"wp-block-column is-vertically-aligned-center is-layout-flow wp-block-column-is-layout-flow\">\n<h2 class=\"wp-block-heading\" style=\"text-transform:uppercase\">About us<\/h2>\n\n\n\n<p>Wir sind eine Christliche Jugendgruppe die immer am Freitagabend zusammenkommt.<\/p>\n\n\n\n<p>Gemeinsam singen wir, h\u00f6ren einen biblischen Impuls und tauschen uns \u00fcber unsere Erlebnisse mit Gott aus.\nDen Abend lassen wir meist mit guten Gespr\u00e4chen, Spieleabenden oder Spazierg\u00e4ngen ausklingen.<\/p>\n\n\n\n<p>Mehrmals im Jahr feiern wir Feste und essen zusammen oder wir unternehmen coole Aktionen.<\/p>\n\n\n\n<p>Au\u00dferdem fahren wir mindestens einmal im Jahr f\u00fcr ein paar Tage&nbsp;zusammen&nbsp;weg.<\/p>\n\n\n\n<div style=\"height:33px\" aria-hidden=\"true\" class=\"wp-block-spacer\"><\/div>\n\n\n\n<p><\/p>\n<\/div>\n\n\n\n<div class=\"wp-block-column is-layout-flow wp-block-column-is-layout-flow\">\n<figure class=\"wp-block-image size-large\"><img fetchpriority=\"high\" decoding=\"async\" width=\"1024\" height=\"683\" src=\"https:\/\/jugend.efkb.de\/wp-content\/uploads\/2025\/04\/JugendKreuz-6-1024x683.jpg\" alt=\"\" class=\"wp-image-251\" srcset=\"https:\/\/jugend.efkb.de\/wp-content\/uploads\/2025\/04\/JugendKreuz-6-1024x683.jpg 1024w, https:\/\/jugend.efkb.de\/wp-content\/uploads\/2025\/04\/JugendKreuz-6-300x200.jpg 300w, https:\/\/jugend.efkb.de\/wp-content\/uploads\/2025\/04\/JugendKreuz-6-2000x1333.jpg 2000w, https:\/\/jugend.efkb.de\/wp-content\/uploads\/2025\/04\/JugendKreuz-6.jpg 2048w\" sizes=\"(max-width: 767px) 89vw, (max-width: 1000px) 54vw, (max-width: 1071px) 543px, 580px\" \/><\/figure>\n<\/div>\n<\/div>\n\n\n\n<div style=\"height:30px\" aria-hidden=\"true\" class=\"wp-block-spacer\"><\/div>\n<\/div><\/div>\n<\/div><\/div>\n","protected":false},"excerpt":{"rendered":"<p>About us Wir sind eine Christliche Jugendgruppe die immer am Freitagabend zusammenkommt. Gemeinsam singen wir, h\u00f6ren einen biblischen Impuls und tauschen uns \u00fcber unsere Erlebnisse mit Gott aus. Den Abend lassen wir meist mit guten Gespr\u00e4chen, Spieleabenden oder Spazierg\u00e4ngen ausklingen. Mehrmals im Jahr feiern wir Feste und essen zusammen oder wir unternehmen coole Aktionen. Au\u00dferdem &hellip; <\/p>\n<p class=\"link-more\"><a href=\"https:\/\/jugend.efkb.de\/\" class=\"more-link\"><span class=\"screen-reader-text\">\u201eJugend B\u00fcnde\u201c <\/span>weiterlesen<\/a><\/p>\n","protected":false},"author":1,"featured_media":0,"parent":0,"menu_order":0,"comment_status":"closed","ping_status":"closed","template":"","meta":{"footnotes":""},"class_list":["post-41","page","type-page","status-publish","hentry"],"yoast_head":"<!-- This site is optimized with the Yoast SEO plugin v27.3 - https:\/\/yoast.com\/product\/yoast-seo-wordpress\/ -->\n<title>Jugend B\u00fcnde -<\/title>\n<meta name=\"robots\" content=\"index, follow, max-snippet:-1, max-image-preview:large, max-video-preview:-1\" \/>\n<link rel=\"canonical\" href=\"https:\/\/jugend.efkb.de\/\" \/>\n<meta property=\"og:locale\" content=\"de_DE\" \/>\n<meta property=\"og:type\" content=\"article\" \/>\n<meta property=\"og:title\" content=\"Jugend B\u00fcnde -\" \/>\n<meta property=\"og:description\" content=\"About us Wir sind eine Christliche Jugendgruppe die immer am Freitagabend zusammenkommt. Gemeinsam singen wir, h\u00f6ren einen biblischen Impuls und tauschen uns \u00fcber unsere Erlebnisse mit Gott aus. Den Abend lassen wir meist mit guten Gespr\u00e4chen, Spieleabenden oder Spazierg\u00e4ngen ausklingen. Mehrmals im Jahr feiern wir Feste und essen zusammen oder wir unternehmen coole Aktionen. Au\u00dferdem &hellip; \u201eJugend B\u00fcnde\u201c weiterlesen\" \/>\n<meta property=\"og:url\" content=\"https:\/\/jugend.efkb.de\/\" \/>\n<meta property=\"article:modified_time\" content=\"2026-01-26T11:36:08+00:00\" \/>\n<meta property=\"og:image\" content=\"https:\/\/jugend.efkb.de\/wp-content\/uploads\/2025\/04\/JugendKreuz-6.jpg\" \/>\n\t<meta property=\"og:image:width\" content=\"2048\" \/>\n\t<meta property=\"og:image:height\" content=\"1365\" \/>\n\t<meta property=\"og:image:type\" content=\"image\/webp\" \/>\n<meta name=\"twitter:card\" content=\"summary_large_image\" \/>\n<meta name=\"twitter:label1\" content=\"Gesch\u00e4tzte Lesezeit\" \/>\n\t<meta name=\"twitter:data1\" content=\"1\u00a0Minute\" \/>\n<script type=\"application\/ld+json\" class=\"yoast-schema-graph\">{\"@context\":\"https:\\\/\\\/schema.org\",\"@graph\":[{\"@type\":\"WebPage\",\"@id\":\"https:\\\/\\\/jugend.efkb.de\\\/\",\"url\":\"https:\\\/\\\/jugend.efkb.de\\\/\",\"name\":\"Jugend B\u00fcnde -\",\"isPartOf\":{\"@id\":\"https:\\\/\\\/jugend.efkb.de\\\/#website\"},\"primaryImageOfPage\":{\"@id\":\"https:\\\/\\\/jugend.efkb.de\\\/#primaryimage\"},\"image\":{\"@id\":\"https:\\\/\\\/jugend.efkb.de\\\/#primaryimage\"},\"thumbnailUrl\":\"https:\\\/\\\/jugend.efkb.de\\\/wp-content\\\/uploads\\\/2025\\\/04\\\/JugendKreuz-6-1024x683.jpg\",\"datePublished\":\"2025-04-18T09:33:53+00:00\",\"dateModified\":\"2026-01-26T11:36:08+00:00\",\"breadcrumb\":{\"@id\":\"https:\\\/\\\/jugend.efkb.de\\\/#breadcrumb\"},\"inLanguage\":\"de\",\"potentialAction\":[{\"@type\":\"ReadAction\",\"target\":[\"https:\\\/\\\/jugend.efkb.de\\\/\"]}]},{\"@type\":\"ImageObject\",\"inLanguage\":\"de\",\"@id\":\"https:\\\/\\\/jugend.efkb.de\\\/#primaryimage\",\"url\":\"https:\\\/\\\/jugend.efkb.de\\\/wp-content\\\/uploads\\\/2025\\\/04\\\/JugendKreuz-6.jpg\",\"contentUrl\":\"https:\\\/\\\/jugend.efkb.de\\\/wp-content\\\/uploads\\\/2025\\\/04\\\/JugendKreuz-6.jpg\",\"width\":2048,\"height\":1365},{\"@type\":\"BreadcrumbList\",\"@id\":\"https:\\\/\\\/jugend.efkb.de\\\/#breadcrumb\",\"itemListElement\":[{\"@type\":\"ListItem\",\"position\":1,\"name\":\"Startseite\",\"item\":\"https:\\\/\\\/jugend.efkb.de\\\/\"},{\"@type\":\"ListItem\",\"position\":2,\"name\":\"Jugend B\u00fcnde\"}]},{\"@type\":\"WebSite\",\"@id\":\"https:\\\/\\\/jugend.efkb.de\\\/#website\",\"url\":\"https:\\\/\\\/jugend.efkb.de\\\/\",\"name\":\"\",\"description\":\"\",\"publisher\":{\"@id\":\"https:\\\/\\\/jugend.efkb.de\\\/#organization\"},\"potentialAction\":[{\"@type\":\"SearchAction\",\"target\":{\"@type\":\"EntryPoint\",\"urlTemplate\":\"https:\\\/\\\/jugend.efkb.de\\\/?s={search_term_string}\"},\"query-input\":{\"@type\":\"PropertyValueSpecification\",\"valueRequired\":true,\"valueName\":\"search_term_string\"}}],\"inLanguage\":\"de\"},{\"@type\":\"Organization\",\"@id\":\"https:\\\/\\\/jugend.efkb.de\\\/#organization\",\"name\":\"Jugend B\u00fcnde\",\"url\":\"https:\\\/\\\/jugend.efkb.de\\\/\",\"logo\":{\"@type\":\"ImageObject\",\"inLanguage\":\"de\",\"@id\":\"https:\\\/\\\/jugend.efkb.de\\\/#\\\/schema\\\/logo\\\/image\\\/\",\"url\":\"https:\\\/\\\/jugend.efkb.de\\\/wp-content\\\/uploads\\\/2025\\\/04\\\/Desktop-7.png\",\"contentUrl\":\"https:\\\/\\\/jugend.efkb.de\\\/wp-content\\\/uploads\\\/2025\\\/04\\\/Desktop-7.png\",\"width\":1440,\"height\":1024,\"caption\":\"Jugend B\u00fcnde\"},\"image\":{\"@id\":\"https:\\\/\\\/jugend.efkb.de\\\/#\\\/schema\\\/logo\\\/image\\\/\"},\"sameAs\":[\"https:\\\/\\\/www.instagram.com\\\/jugend_buende\\\/\"]}]}<\/script>\n<!-- \/ Yoast SEO plugin. -->","yoast_head_json":{"title":"Jugend B\u00fcnde -","robots":{"index":"index","follow":"follow","max-snippet":"max-snippet:-1","max-image-preview":"max-image-preview:large","max-video-preview":"max-video-preview:-1"},"canonical":"https:\/\/jugend.efkb.de\/","og_locale":"de_DE","og_type":"article","og_title":"Jugend B\u00fcnde -","og_description":"About us Wir sind eine Christliche Jugendgruppe die immer am Freitagabend zusammenkommt. Gemeinsam singen wir, h\u00f6ren einen biblischen Impuls und tauschen uns \u00fcber unsere Erlebnisse mit Gott aus. Den Abend lassen wir meist mit guten Gespr\u00e4chen, Spieleabenden oder Spazierg\u00e4ngen ausklingen. Mehrmals im Jahr feiern wir Feste und essen zusammen oder wir unternehmen coole Aktionen. Au\u00dferdem &hellip; \u201eJugend B\u00fcnde\u201c weiterlesen","og_url":"https:\/\/jugend.efkb.de\/","article_modified_time":"2026-01-26T11:36:08+00:00","og_image":[{"width":2048,"height":1365,"url":"https:\/\/jugend.efkb.de\/wp-content\/uploads\/2025\/04\/JugendKreuz-6.jpg","type":"image\/webp"}],"twitter_card":"summary_large_image","twitter_misc":{"Gesch\u00e4tzte Lesezeit":"1\u00a0Minute"},"schema":{"@context":"https:\/\/schema.org","@graph":[{"@type":"WebPage","@id":"https:\/\/jugend.efkb.de\/","url":"https:\/\/jugend.efkb.de\/","name":"Jugend B\u00fcnde -","isPartOf":{"@id":"https:\/\/jugend.efkb.de\/#website"},"primaryImageOfPage":{"@id":"https:\/\/jugend.efkb.de\/#primaryimage"},"image":{"@id":"https:\/\/jugend.efkb.de\/#primaryimage"},"thumbnailUrl":"https:\/\/jugend.efkb.de\/wp-content\/uploads\/2025\/04\/JugendKreuz-6-1024x683.jpg","datePublished":"2025-04-18T09:33:53+00:00","dateModified":"2026-01-26T11:36:08+00:00","breadcrumb":{"@id":"https:\/\/jugend.efkb.de\/#breadcrumb"},"inLanguage":"de","potentialAction":[{"@type":"ReadAction","target":["https:\/\/jugend.efkb.de\/"]}]},{"@type":"ImageObject","inLanguage":"de","@id":"https:\/\/jugend.efkb.de\/#primaryimage","url":"https:\/\/jugend.efkb.de\/wp-content\/uploads\/2025\/04\/JugendKreuz-6.jpg","contentUrl":"https:\/\/jugend.efkb.de\/wp-content\/uploads\/2025\/04\/JugendKreuz-6.jpg","width":2048,"height":1365},{"@type":"BreadcrumbList","@id":"https:\/\/jugend.efkb.de\/#breadcrumb","itemListElement":[{"@type":"ListItem","position":1,"name":"Startseite","item":"https:\/\/jugend.efkb.de\/"},{"@type":"ListItem","position":2,"name":"Jugend B\u00fcnde"}]},{"@type":"WebSite","@id":"https:\/\/jugend.efkb.de\/#website","url":"https:\/\/jugend.efkb.de\/","name":"","description":"","publisher":{"@id":"https:\/\/jugend.efkb.de\/#organization"},"potentialAction":[{"@type":"SearchAction","target":{"@type":"EntryPoint","urlTemplate":"https:\/\/jugend.efkb.de\/?s={search_term_string}"},"query-input":{"@type":"PropertyValueSpecification","valueRequired":true,"valueName":"search_term_string"}}],"inLanguage":"de"},{"@type":"Organization","@id":"https:\/\/jugend.efkb.de\/#organization","name":"Jugend B\u00fcnde","url":"https:\/\/jugend.efkb.de\/","logo":{"@type":"ImageObject","inLanguage":"de","@id":"https:\/\/jugend.efkb.de\/#\/schema\/logo\/image\/","url":"https:\/\/jugend.efkb.de\/wp-content\/uploads\/2025\/04\/Desktop-7.png","contentUrl":"https:\/\/jugend.efkb.de\/wp-content\/uploads\/2025\/04\/Desktop-7.png","width":1440,"height":1024,"caption":"Jugend B\u00fcnde"},"image":{"@id":"https:\/\/jugend.efkb.de\/#\/schema\/logo\/image\/"},"sameAs":["https:\/\/www.instagram.com\/jugend_buende\/"]}]}},"_links":{"self":[{"href":"https:\/\/jugend.efkb.de\/index.php\/wp-json\/wp\/v2\/pages\/41","targetHints":{"allow":["GET"]}}],"collection":[{"href":"https:\/\/jugend.efkb.de\/index.php\/wp-json\/wp\/v2\/pages"}],"about":[{"href":"https:\/\/jugend.efkb.de\/index.php\/wp-json\/wp\/v2\/types\/page"}],"author":[{"embeddable":true,"href":"https:\/\/jugend.efkb.de\/index.php\/wp-json\/wp\/v2\/users\/1"}],"replies":[{"embeddable":true,"href":"https:\/\/jugend.efkb.de\/index.php\/wp-json\/wp\/v2\/comments?post=41"}],"version-history":[{"count":195,"href":"https:\/\/jugend.efkb.de\/index.php\/wp-json\/wp\/v2\/pages\/41\/revisions"}],"predecessor-version":[{"id":921,"href":"https:\/\/jugend.efkb.de\/index.php\/wp-json\/wp\/v2\/pages\/41\/revisions\/921"}],"wp:attachment":[{"href":"https:\/\/jugend.efkb.de\/index.php\/wp-json\/wp\/v2\/media?parent=41"}],"curies":[{"name":"wp","href":"https:\/\/api.w.org\/{rel}","templated":true}]}}